{"id":13,"date":"2023-04-03T18:23:20","date_gmt":"2023-04-03T16:23:20","guid":{"rendered":"https:\/\/consolatozurigo.esteri.it\/?page_id=13"},"modified":"2026-01-19T17:12:32","modified_gmt":"2026-01-19T14:12:32","slug":"chi-siamo","status":"publish","type":"page","link":"https:\/\/conssanpietroburgo.esteri.it\/it\/chi-siamo\/","title":{"rendered":"Chi siamo"},"content":{"rendered":"<p>Il <strong>Consolato Generale d\u2019Italia in San Pietroburgo<\/strong> \u00e8 competente per le seguenti citt\u00e0 e regioni:<\/p>\n<ul>\n<li>San Pietroburgo<\/li>\n<li>Regione di Leningrado<\/li>\n<li>Veliky Novgorod e Regione di Novgorod<\/li>\n<li>Vologda e Regione di Vologda<\/li>\n<li>Arkhanghelsk e Regione di Arkhangelsk<\/li>\n<li>Pskov e Regione di Pskov<\/li>\n<li>Murmansk e Regione di Murmansk<\/li>\n<li>Petrozavodsk e Repubblica di Carelia<\/li>\n<\/ul>\n<p>Per il resto della Federazione Russa \u00e8 competente il <strong><a href=\"https:\/\/consmosca.esteri.it\/consolato_mosca\/it\/\" target=\"_blank\" rel=\"noopener\">Consolato Generale d&#8217;Italia a Mosca.<\/a><\/strong><\/p>\n<h4><strong>CONSOLATO GENERALE D&#8217;ITALIA A SAN PIETROBURGO<\/strong><strong>\u00a0\u00a0<\/strong><\/h4>\n<p>Teatralnaja Ploshad, 10<br \/>\n190068 San Pietroburgo<\/p>\n<p>Tel. centralino\u00a0+7 (812) 679 45 81 \/ +7 (812) 679 45 82<\/p>\n<p>e-mail: <strong><a href=\"mailto:archivio.sanpietroburgo@esteri.it\">archivio.sanpietroburgo@esteri.it<\/a><\/strong><br \/>\nPer comunicazioni dirette alla segreteria del Console Generale: <strong><a href=\"mailto:segreteria.sanpietroburgo@esteri.it\">spb@esteri.it<\/a>\u00a0\u00a0<\/strong><\/p>\n<p><strong>INDIRIZZI ABILITATI ESCLUSIVAMENTE ALLA RICEZIONE DI POSTA ELETTRONICA CERTIFICATA (PEC):<br \/>\n<\/strong><strong>Posta Elettronica certificata PEC: <a href=\"mailto:con.sanpietroburgo@cert.esteri.it\">con.sanpietroburgo@cert.esteri.it<\/a><\/strong><br \/>\n<strong>Posta Elettronica certificata PEC per richieste di Nullaosta Passaporti: <a href=\"mailto:con.sanpietroburgo.pass@cert.esteri.it\">con.sanpietroburgo.pass@cert.esteri.it<\/a><\/strong><\/p>\n<h4>UFFICI<\/h4>\n<p>Il Consolato Generale \u00e8 aperto dal Luned\u00ec al Venerd\u00ec dalle 9.00 alle 17.00. La ricezione del pubblico avviene previo appuntamento.<\/p>\n<p><strong>VISTI<br \/>\n<\/strong><\/p>\n<p>Le richieste di visto possono essere presentate solo su appuntamento. Per effettuare la prenotazione si prega di inviare la richiesta al seguente indirizzo e-mail: <strong><a href=\"mailto:visti.spb@esteri.it\">visti.spb@esteri.it<\/a><\/strong> indicando come oggetto la seguente dicitura \u201c<strong>APPUNTAMENTO<\/strong>\u201d.<\/p>\n<p><strong>Solo per i casi urgenti<\/strong> informazioni telefoniche: luned\u00ec\/venerd\u00ec dalle <strong>11.00 alle 12.00<\/strong> (tel. +7 812 6794609).<\/p>\n<p>Si precisa che l\u2019appuntamento presso l&#8217;ufficio visti di questo Consolato Generale pu\u00f2 essere richiesto <strong>esclusivamente<\/strong> dalle seguenti categorie:<\/p>\n<p><em>&#8211; familiari dei cittadini UE<\/em><br \/>\n<em>&#8211; richiedenti visto \u201clavoro subordinato\u201d<\/em><br \/>\n<em>&#8211; richiedenti visto \u201cadozione\u201d<\/em><br \/>\n<em>&#8211; richiedenti visto per ricongiungimento familiare attraverso lo sportello Unico per l\u2019Immigrazione.<\/em><\/p>\n<p>Tutte le altre categorie dovranno rivolgersi ai centri visti della societ\u00e0 concessionaria cui \u00e8 stato affidato il servizio di raccolta: \u201cVisa management service\u201d S.r.l. (VMS). Elenco delle filiali della VMS S.r.l. di competenza giurisdizionale di questo Consolato Generale:<\/p>\n<p><strong>San Pietroburgo<\/strong> <a href=\"https:\/\/italy-vms.ru\/spb-informazioni-importanti\/san-pietroburgo\/\">https:\/\/italy-vms.ru\/spb-informazioni-importanti\/san-pietroburgo\/<\/a><br \/>\nvia Kazanskaya, 1\/25<br \/>\n+7(812)334-80-48<br \/>\n<a href=\"mailto:spb@italyvms.ru\">spb@italyvms.ru<\/a><\/p>\n<p><strong>Arkhangelsk<\/strong> <a href=\"https:\/\/italy-vms.ru\/contatti\/arkhangelsk\/\">https:\/\/italy-vms.ru\/contatti\/arkhangelsk\/<\/a><br \/>\nlungofiume Severnoj Dviny, 55V, uff. 605<br \/>\n+7(8182)69-85-33<br \/>\n<a href=\"mailto:arkh@italyvms.ru\">arkh@italyvms.ru<\/a><\/p>\n<p>Domande frequenti sui visti: <a href=\"https:\/\/conssanpietroburgo.esteri.it\/consolato_sanpietroburgo\/it\/la_comunicazione\/domande-frequenti\"><strong>clicca qui<\/strong><\/a><br \/>\nModulistica: <a href=\"https:\/\/conssanpietroburgo.esteri.it\/consolato_sanpietroburgo\/it\/la_comunicazione\/dal_consolato\/modulistica-visti.html\"><strong>clicca qui<\/strong><\/a><\/p>\n<p><strong>SERVIZI CONSOLARI<\/strong><\/p>\n<p>Per maggiori informazioni sui servizi consolari si prega di <strong><a href=\"https:\/\/conssanpietroburgo.esteri.it\/it\/servizi-consolari-e-visti\/servizi-per-il-cittadino-italiano\/\">consultare la rubrica dedicata<\/a><\/strong>. In caso di ulteriori domande si prega di inviare una e-mail all&#8217;indirizzo <strong><a href=\"mailto:consolare.spb@esteri.it\">consolare.spb@esteri.it<\/a> <\/strong>o chiamare\u00a0i giorni feriali dalle <strong>10.00 alle 11.00<\/strong> (tel.: +7 (812) <strong>679 45 81<\/strong> \/ +7 (812) <strong>679 45 82<\/strong>).<\/p>\n<h4>\u00a0<strong>ISTITUTO ITALIANO DI CULTURA A SAN PIETROBURGO <\/strong><\/h4>\n<p>&nbsp;<\/p>\n<table class=\"table\" align=\"center\">\n<tbody>\n<tr>\n<td><\/td>\n<td><\/td>\n<td><\/td>\n<td><\/td>\n<\/tr>\n<tr>\n<td><strong>Contabilit\u00e0<\/strong><strong><br \/>\nOrganizzazione eventi<\/strong><\/td>\n<td><\/td>\n<td><\/td>\n<td><strong>Tatiana Lyssenkova<br \/>\n<\/strong><\/td>\n<\/tr>\n<tr>\n<td><strong>Sostegno all&#8217;editoria<br \/>\nOrganizzazione eventi<\/strong><\/td>\n<td><\/td>\n<td><\/td>\n<td><strong>\u00a0<\/strong><\/td>\n<\/tr>\n<tr>\n<td><strong>Organizzazione eventi<\/strong><\/td>\n<td><\/td>\n<td><\/td>\n<td><strong>Tatiana Chaikovskaia<br \/>\n<\/strong><\/td>\n<\/tr>\n<tr>\n<td><strong>Mediateca<\/strong><\/td>\n<td><\/td>\n<td><\/td>\n<td><\/td>\n<\/tr>\n<\/tbody>\n<\/table>\n<p>Teatralnaja Ploshad, 10<br \/>\n190068 San Pietroburgo<br \/>\nTel +7 (812) 679 46 16<br \/>\ne-mail:<strong><a href=\"https:\/\/conssanpietroburgo.esteri.it\/consolato_sanpietroburgo\/iicsanpietroburgo@esteri.it\">iicsanpietroburgo@esteri.it<\/a>\u00a0<\/strong><br \/>\n<strong><a href=\"http:\/\/www.iicsanpietroburgo.esteri.it\" target=\"_blank\" rel=\"noopener\">sito web<\/a><\/strong><\/p>\n<h4><strong>UFFICIO DI SAN PIETROBURGO DELL&#8217;ISTITUTO PER IL COMMERCIO CON L&#8217;ESTERO\u00a0(ICE)<\/strong><\/h4>\n<p>Teatralnaja Ploshad, 10<br \/>\n190068 San Pietroburgo<br \/>\nTel (+7 812) 3123216, 5718396, 3123356<br \/>\nFax (+7 812) 3148082<br \/>\nIndirizzo e-mail: <strong><a href=\"mailto:sanpietroburgo@ice.it\">sanpietroburgo@ice.it<\/a> <\/strong><br \/>\nOrari di apertura al pubblico dell\u2019Ufficio ICE: da lunedi&#8217; al giovedi&#8217;: 9.30-12.30 e 14.30-16.30; il venerdi&#8217;: 9.30-12.30<\/p>\n<p>&nbsp;<\/p>\n<p><strong>Calendario delle festivit\u00e0 2026<\/strong><\/p>\n<ul>\n<li><strong>Gioved\u00ec 1 gennaio<\/strong>: Capodanno<\/li>\n<li><strong>Domenica 8 marzo<\/strong>: Festa della donna<\/li>\n<li><strong>Luned\u00ec 21 aprile<\/strong>: Luned\u00ec dell\u2019Angelo<\/li>\n<li><strong>Sabato 25 aprile<\/strong>: Festa della liberazione<\/li>\n<li><strong>Venerd\u00ec 1 maggio<\/strong>: Festa del lavoro<\/li>\n<li><strong>Sabato 9 maggio<\/strong>: Festa della vittoria<\/li>\n<li><strong>Marted\u00ec 2 giugno<\/strong>: Festa della Repubblica Italiana<\/li>\n<li><strong>Venerd\u00ec 12 giugno<\/strong>: Festa Nazionale della Federazione Russia<\/li>\n<li><strong>Domenica 1 novembre<\/strong>: Ognissanti<\/li>\n<li><strong>Venerd\u00ec 25 dicembre<\/strong>: Natale<\/li>\n<li><strong>Sabato 26 dicembre<\/strong>: Santo Stefano<\/li>\n<\/ul>\n<div class=\"notranslate\" style=\"all: initial;\"><\/div>\n","protected":false},"excerpt":{"rendered":"Il Consolato Generale d\u2019Italia in San Pietroburgo \u00e8 competente per le seguenti citt\u00e0 e regioni: San Pietroburgo Regione di Leningrado Veliky Novgorod e Regione di Novgorod Vologda e Regione di Vologda Arkhanghelsk e Regione di Arkhangelsk Pskov e Regione di Pskov Murmansk e Regione di Murmansk Petrozavodsk e Repubblica di Carelia Per il resto della [&hellip;]","protected":false},"author":1,"featured_media":0,"parent":0,"menu_order":2,"comment_status":"closed","ping_status":"closed","template":"","meta":{"footnotes":""},"class_list":["post-13","page","type-page","status-publish","hentry"],"_links":{"self":[{"href":"https:\/\/conssanpietroburgo.esteri.it\/it\/wp-json\/wp\/v2\/pages\/13","targetHints":{"allow":["GET"]}}],"collection":[{"href":"https:\/\/conssanpietroburgo.esteri.it\/it\/wp-json\/wp\/v2\/pages"}],"about":[{"href":"https:\/\/conssanpietroburgo.esteri.it\/it\/wp-json\/wp\/v2\/types\/page"}],"author":[{"embeddable":true,"href":"https:\/\/conssanpietroburgo.esteri.it\/it\/wp-json\/wp\/v2\/users\/1"}],"replies":[{"embeddable":true,"href":"https:\/\/conssanpietroburgo.esteri.it\/it\/wp-json\/wp\/v2\/comments?post=13"}],"version-history":[{"count":6,"href":"https:\/\/conssanpietroburgo.esteri.it\/it\/wp-json\/wp\/v2\/pages\/13\/revisions"}],"predecessor-version":[{"id":3906,"href":"https:\/\/conssanpietroburgo.esteri.it\/it\/wp-json\/wp\/v2\/pages\/13\/revisions\/3906"}],"wp:attachment":[{"href":"https:\/\/conssanpietroburgo.esteri.it\/it\/wp-json\/wp\/v2\/media?parent=13"}],"curies":[{"name":"wp","href":"https:\/\/api.w.org\/{rel}","templated":true}]}}