{"id":558,"date":"2023-06-14T17:16:20","date_gmt":"2023-06-14T15:16:20","guid":{"rendered":"https:\/\/conssanpietroburgo.esteri.it\/?page_id=558"},"modified":"2026-04-09T15:57:15","modified_gmt":"2026-04-09T12:57:15","slug":"domande-frequenti-faq-visti-dingresso","status":"publish","type":"page","link":"https:\/\/conssanpietroburgo.esteri.it\/it\/servizi-consolari-e-visti\/servizi-per-il-cittadino-straniero\/visti\/domande-frequenti-faq-visti-dingresso\/","title":{"rendered":"Domande frequenti (FAQ) visti d&#8217;ingresso"},"content":{"rendered":"<p><strong>Quali sono i documenti da presentare per ottenere un Visto?<\/strong><br \/>\nIl sito web del Ministero degli Affari Esteri propone un&#8217;ampia gamma di soluzioni alle domande che sono pi\u00f9 frequentemente poste dagli utenti. Per problemi di ordine pi\u00f9 specifico ci si pu\u00f2 riferire, come di consueto, agli Uffici di questo Consolato Generale.<\/p>\n<p><strong>Competenza territoriale del Consolato Generale di San Pietroburgo<\/strong><br \/>\nPu\u00f2 presentare domanda di visto chi risiede a:<br \/>\n\u2022 San Pietroburgo<br \/>\n\u2022 Regione di Leningrado<br \/>\n\u2022 Veliky Novgorod e Regione di Novgorod<br \/>\n\u2022 Vologda e Regione di Vologda<br \/>\n\u2022 Arkhanghelsk e Regione di Arkhangelsk<br \/>\n\u2022 Pskov e Regione di Pskov<br \/>\n\u2022 Murmansk e Regione di Murmansk<br \/>\n\u2022 Petrozavodsk e Repubblica di Carelia<\/p>\n<p><strong>Chi pu\u00f2 presentare domanda di visto allo Sportello del Consolato Generale?<\/strong><br \/>\nSolo le seguenti categorie possono presentare domanda di visto presso questo Consolato Generale:<br \/>\n\u2022 familiari di cittadini UE<br \/>\n\u2022 richiedenti visto \u201clavoro subordinato\u201d<br \/>\n\u2022 richiedenti visto \u201cadozione\u201d<br \/>\n\u2022 richiedenti visto per ricongiungimento familiare attraverso Sportello Unico per l\u2019Immigrazione;<br \/>\nPer effettuare la prenotazione si prega di inviare la richiesta al seguente indirizzo e-mail:<a href=\"mailto:visti.spb@esteri.it\" target=\"_blank\" rel=\"noopener\">visti.spb@esteri.it<\/a> indicando come oggetto la seguente dicitura \u201cAPPUNTAMENTO\u201d. In caso di viaggio di gruppo per motivi di turismo o di lavoro scrivere alla Segreteria di questo Consolato Generale <a href=\"mailto:spb@esteri.it\" target=\"_blank\" rel=\"noopener\">spb@esteri.it<\/a><\/p>\n<p><strong>Posso pagare per i servizi che ricevo in Consolato con carta di debito\/credito o assegni?<\/strong><br \/>\n\u00c8 possibile pagare solo in contanti. Gli importi sono specificati nelle relative sezioni di questo sito.<\/p>\n<p><strong>Quali sono le tariffe consolari? <a href=\"https:\/\/conssanpietroburgo.esteri.it\/it\/servizi-consolari-e-visti\/servizi-per-il-cittadino-straniero\/visti\/diritti-per-il-trattamento-richieste-di-visto\/\">(clicca qui)<\/a><\/strong><\/p>\n<p><strong>Assicurazione sanitaria<\/strong><br \/>\nSi informano gli utenti che in caso di richiesta di visti (Schengen e nazionali) con entrate multiple, vige l&#8217;obbligo di presentare a corredo della pratica di richiesta di visto un&#8217;assicurazione medica, valida nei paesi Schengen, per il periodo del primo viaggio, e sottoscrivere una lettera di impegno a stipulare un&#8217;assicurazione sanitaria che copra tutto il periodo di validit\u00e0 del visto in questione. Inoltre si precisa che tutte le richieste di visto debbono essere accompagnate, tra gli altri documenti, da un&#8217;assicurazione (cure mediche, rimpatrio per cure mediche, ricovero d&#8217;urgenza) con copertura minima di 30.000 Euro, valida per tutta l&#8217;area Schengen, di durata pari al visto richiesto.<\/p>\n<p><strong>Potreste fornirmi informazioni sull\u2019agenzia di ourtsosucing?<\/strong><br \/>\nChi non rientra nelle categorie sopra \u2013 elencate potr\u00e0 rivolgersi al Centro Visti per l\u2019Italia della Societ\u00e0 concessionaria VISA MANAGEMENT SERVICE ( di seguito VMS) cui \u00e8 stato affidato il servizio di raccolta nel territorio della circoscrizione del Consolato Generale d\u2019Italia a San Pietroburgo.<br \/>\nVMS <a href=\"https:\/\/italy-vms.ru\/it\/\" target=\"_blank\" rel=\"noopener\">https:\/\/italy-vms.ru\/it\/<\/a><br \/>\nLa presentazione delle domande di visto tramite il VMS \u00e8 un servizio a pagamento il cui importo \u00e8 riportato al seguente link (<a href=\"https:\/\/italy-vms.ru\/il-costo-dei-servizi\/\" target=\"_blank\" rel=\"noopener\">clicca qui<\/a>)<br \/>\nIndirizzi Centri VMS nella circoscrizione<br \/>\nSan Pietroburgo, Nevskij Prospekt 25\/1 Kazanskaja ulitsa presso Buness Center \u201cAtrium\u201d piano 5 interno A \u2013 tel. 812 334 8048- e-mail: <a href=\"mailto:spb@italyvms.ru\" target=\"_blank\" rel=\"noopener\">spb@italyvms.ru<\/a> Sito internet: <a href=\"https:\/\/italy-vms.ru\/it\/\" target=\"_blank\" rel=\"noopener\">https:\/\/italy-vms.ru\/it\/<\/a><br \/>\nArkhangelsk Lungofiume Severnoj Dviny, 55, ufficio 605 -Tel. +7 (8182)698533<br \/>\ne-mail: <a href=\"mailto:arkh@italyvms.ru\" target=\"_blank\" rel=\"noopener\">arkh@italyvms.ru<\/a><\/p>\n<p><strong>Modulistica (<a href=\"https:\/\/conssanpietroburgo.esteri.it\/it\/servizi-consolari-e-visti\/servizi-per-il-cittadino-italiano\/altri-servizi\/albo-consolare\/modulistica-visti\/\" target=\"_blank\" rel=\"noopener\">clicca qui<\/a>)<\/strong><\/p>\n<p>Data dell&#8217;ultimo aggiornamento della pagina: <strong>09\/04\/2026<\/strong><\/p>\n","protected":false},"excerpt":{"rendered":"Quali sono i documenti da presentare per ottenere un Visto? Il sito web del Ministero degli Affari Esteri propone un&#8217;ampia gamma di soluzioni alle domande che sono pi\u00f9 frequentemente poste dagli utenti. Per problemi di ordine pi\u00f9 specifico ci si pu\u00f2 riferire, come di consueto, agli Uffici di questo Consolato Generale. Competenza territoriale del Consolato [&hellip;]","protected":false},"author":4,"featured_media":0,"parent":95,"menu_order":0,"comment_status":"closed","ping_status":"closed","template":"","meta":{"footnotes":""},"class_list":["post-558","page","type-page","status-publish","hentry"],"_links":{"self":[{"href":"https:\/\/conssanpietroburgo.esteri.it\/it\/wp-json\/wp\/v2\/pages\/558","targetHints":{"allow":["GET"]}}],"collection":[{"href":"https:\/\/conssanpietroburgo.esteri.it\/it\/wp-json\/wp\/v2\/pages"}],"about":[{"href":"https:\/\/conssanpietroburgo.esteri.it\/it\/wp-json\/wp\/v2\/types\/page"}],"author":[{"embeddable":true,"href":"https:\/\/conssanpietroburgo.esteri.it\/it\/wp-json\/wp\/v2\/users\/4"}],"replies":[{"embeddable":true,"href":"https:\/\/conssanpietroburgo.esteri.it\/it\/wp-json\/wp\/v2\/comments?post=558"}],"version-history":[{"count":7,"href":"https:\/\/conssanpietroburgo.esteri.it\/it\/wp-json\/wp\/v2\/pages\/558\/revisions"}],"predecessor-version":[{"id":4052,"href":"https:\/\/conssanpietroburgo.esteri.it\/it\/wp-json\/wp\/v2\/pages\/558\/revisions\/4052"}],"up":[{"embeddable":true,"href":"https:\/\/conssanpietroburgo.esteri.it\/it\/wp-json\/wp\/v2\/pages\/95"}],"wp:attachment":[{"href":"https:\/\/conssanpietroburgo.esteri.it\/it\/wp-json\/wp\/v2\/media?parent=558"}],"curies":[{"name":"wp","href":"https:\/\/api.w.org\/{rel}","templated":true}]}}