{"id":86,"date":"2023-04-03T19:29:02","date_gmt":"2023-04-03T17:29:02","guid":{"rendered":"https:\/\/consolatozurigo.esteri.it\/?page_id=86"},"modified":"2026-01-08T16:15:59","modified_gmt":"2026-01-08T13:15:59","slug":"stato-civile","status":"publish","type":"page","link":"https:\/\/conssanpietroburgo.esteri.it\/it\/servizi-consolari-e-visti\/servizi-per-il-cittadino-italiano\/stato-civile\/","title":{"rendered":"Stato Civile"},"content":{"rendered":"<p style=\"text-align: justify;\">L\u2019Ufficio Consolare ha la competenza a ricevere gli atti emessi dalle Autorit\u00e0 russe e, conformemente alla richiesta del connazionale, inviarli al competente Comune italiano per la trascrizione. Il servizio di trascrizione \u00e8 gratuito e viene garantito sia ai cittadini residenti nella Circoscrizione sia ai cittadini non residenti, indipendentemente dalla durata del periodo di permanenza nel territorio della Circoscrizione.<\/p>\n<h4 style=\"text-align: center;\"><strong>TRASCRIZIONE DELL\u2019ATTO DI MATRIMONIO<\/strong><\/h4>\n<p style=\"text-align: justify;\">Le informazioni di cui sotto riguardano l\u2019iter procedurale da seguire dopo aver contratto matrimonio nel territorio della Circoscrizione Consolare di San Pietroburgo.<\/p>\n<p style=\"text-align: justify;\">Allo Sportello Consolare va presentata la seguente documentazione:<\/p>\n<ul style=\"text-align: justify;\">\n<li><strong><u>Il Duplicato<\/u> del certificato di matrimonio<\/strong> (detto \u201c<u>Povtornoe<\/u> svidetelstvo o zakljucenii braka\u201d), <strong>autenticato mediante Apostille<\/strong> (il documento va richiesto all\u2019Archivio dell\u2019Autorit\u00e0 dello Stato Civile (ZAGS) dove \u00e8 stato celebrato il matrimonio, <a href=\"https:\/\/gu.spb.ru\/187857\/\">l\u2019apposizione dell\u2019Apostille avviene presso il Komitet po delam ZAGS Pravitelstva Sankt-Peterburga<\/a>),<\/li>\n<li>Il modulo <a href=\"https:\/\/conssanpietroburgo.esteri.it\/wp-content\/uploads\/2026\/01\/Richiesta-di-trascrizione-del-certificato-di-matrimonio.doc\">\u00ab<strong>Richiesta di trascrizione del certificato di matrimonio<\/strong>\u00bb<\/a>, compilato dal coniuge italiano,<\/li>\n<li><strong>Fotocopia<\/strong> della pagina essenziale del <strong>passaporto italiano<\/strong>,<\/li>\n<li><strong>Fotocopia<\/strong> della pagina essenziale del <strong>passaporto russo, valido ai fini dell\u2019espatrio<\/strong>, del coniuge russo.<\/li>\n<\/ul>\n<p style=\"text-align: justify;\">Il Consolato Generale tradurr\u00e0 il certificato di matrimonio in lingua italiana e lo trasmetter\u00e0, tramite PEC, al Comune di residenza del coniuge italiano ai fini della <strong>trascrizione<\/strong> nei Registri dello Stato Civile.<\/p>\n<p style=\"text-align: justify;\">Se il coniuge italiano \u00e8 impossibilitato a comparire allo Sportello Consolare, la documentazione di cui copra va presentata dal coniuge russo, mentre il modulo \u00abRichiesta di trascrizione del certificato di matrimonio\u00bb va trasmesso dal coniuge italiano, via posta elettronica, all\u2019indirizzo <a href=\"mailto:consolare.sanpietroburgo@esteri.it\">consolare.sanpietroburgo@esteri.it<\/a><\/p>\n<p style=\"text-align: justify;\">Se entrambi i coniugi sono impossibilitati a comparire allo Sportello Consolare, la documentazione di cui sopra va presentata da una terza persona, munita di una delega, formalizzata in forma semplice dal coniuge italiano, la quale, assieme al modulo \u00abRichiesta di trascrizione del certificato di matrimonio\u00bb, va trasmessa, via posta elettronica, all\u2019indirizzo <a href=\"mailto:consolare.sanpietroburgo@esteri.it\">consolare.sanpietroburgo@esteri.it<\/a><\/p>\n<p style=\"text-align: justify;\">La ricezione del pubblico avviene i giorni feriali, previo appuntamento, all\u2019indirizzo: Teatralnaja pl., 10 (ingesso destro, Sportello n. 1). Per prenotare l\u2019appuntamento scrivere all\u2019indirizzo <a href=\"mailto:consolare.sanpietroburgo@esteri.it\">consolare.sanpietroburgo@esteri.it<\/a>, indicando il cognome e il nome del coniuge che si presenter\u00e0 in Consolato, nonch\u00e9 le date desiderate.<\/p>\n<h4 style=\"text-align: center;\"><strong>TRASCRIZIONE DELL\u2019ATTO DI NASCITA<\/strong><\/h4>\n<p style=\"text-align: justify;\">Le informazioni di cui sotto riguardano l\u2019iter procedurale da seguire dopo essere diventati genitori di un\/a figlio\/a, nato\/a nel territorio della Circoscrizione Consolare di San Pietroburgo.<\/p>\n<p style=\"text-align: justify;\">La registrazione della nascita avviene presso le competenti Autorit\u00e0 dello Stato Civile della Federazione Russa (Uffici ZAGS), secondo quanto stabilito dalla normativa locale. Se intende registrare la nascita del\/la minore presso le competenti Autorit\u00e0 dello Stato Civile della Federazione Russa (Uffici ZAGS) senza l\u2019attribuzione del patronimico, pu\u00f2 richiedere al Consolato un\u2019apposita dichiarazione, attestante la mancanza di tale appellativo nell\u2019ordinamento italiano (la richiesta va indirizza all\u2019indirizzo di posta elettronica <a href=\"mailto:consolare.sanpietroburgo@esteri.it\">consolare.sanpietroburgo@esteri.it<\/a>).<\/p>\n<p style=\"text-align: justify;\">A seguito della registrazione della nascita, allo Sportello Consolare va presentata la seguente documentazione:<\/p>\n<ul style=\"text-align: justify;\">\n<li><strong><u>Il Duplicato<\/u> del certificato di nascita<\/strong> (detto \u201c<u>Povtornoe<\/u> svidetelstvo o rozhdenii\u201d), <strong>autenticato mediante Apostille<\/strong> (il documento va richiesto all\u2019Archivio dell\u2019Autorit\u00e0 dello Stato Civile (ZAGS) dove \u00e8 stata registrata la nascita, <a href=\"https:\/\/gu.spb.ru\/187857\/\">l\u2019apposizione dell\u2019Apostille avviene presso il Komitet po delam ZAGS Pravitelstva Sankt-Peterburga<\/a>),<\/li>\n<li><u>Solo per i figli, nei confronti dei quali \u00e8 stata espletata la procedura di riconoscimento della paternit\u00e0<\/u>: <strong><u>Il Duplicato<\/u> del certificato di riconoscimento della paternit\u00e0<\/strong> (detto \u201c<u>Povtornoe<\/u> svidetelstvo ob ustanovlenii otsovstva\u201d), <strong>autenticato mediante Apostille<\/strong> (il documento va richiesto all\u2019Archivio dell\u2019Autorit\u00e0 dello Stato Civile (ZAGS) dove \u00e8 stata riconosciuta la paternit\u00e0, <a href=\"https:\/\/gu.spb.ru\/187857\/\">l\u2019apposizione dell\u2019Apostille avviene presso il Komitet po delam ZAGS Pravitelstva Sankt-Peterburga<\/a>)<\/li>\n<li>Il modulo <a href=\"https:\/\/conssanpietroburgo.esteri.it\/wp-content\/uploads\/2026\/01\/Richiesta-di-trascrizione-del-certificato-di-nascita.doc\">\u00ab<strong>Richiesta di trascrizione del certificato di nascita<\/strong>\u00bb<\/a>, compilato dal genitore italiano,<\/li>\n<li><strong>Fotocopia<\/strong> della pagina essenziale del <strong>passaporto italiano del genitore<\/strong>,<\/li>\n<li><strong>Fotocopia<\/strong> della pagina essenziale del <strong>passaporto russo, valido ai fini dell\u2019espatrio, del genitore russo<\/strong>.<\/li>\n<\/ul>\n<p style=\"text-align: justify;\">Il Consolato Generale tradurr\u00e0 il certificato di nascita in lingua italiana e lo trasmetter\u00e0, tramite PEC, al Comune di residenza del genitore italiano ai fini della <strong>trascrizione<\/strong> nei Registri dello Stato Civile.<\/p>\n<p style=\"text-align: justify;\">Se il genitore italiano \u00e8 impossibilitato a comparire allo Sportello Consolare, la documentazione di cui copra va presentata dal genitore russo, mentre il modulo \u00abRichiesta di trascrizione del certificato di nascita\u00bb va trasmesso dal genitore italiano, via posta elettronica, all\u2019indirizzo <a href=\"mailto:consolare.sanpietroburgo@esteri.it\">consolare.sanpietroburgo@esteri.it<\/a><\/p>\n<p style=\"text-align: justify;\">La ricezione del pubblico avviene i giorni feriali, previo appuntamento, all\u2019indirizzo: Teatralnaja pl., 10 (ingesso destro, Sportello n. 1). Per prenotare l\u2019appuntamento scrivere all\u2019indirizzo <a href=\"mailto:consolare.sanpietroburgo@esteri.it\">consolare.sanpietroburgo@esteri.it<\/a>, indicando il cognome e il nome del genitore che si presenter\u00e0 in Consolato, nonch\u00e9 le date desiderate.<\/p>\n<h4 style=\"text-align: center;\"><strong>TRASCRIZIONE DELLA SENTENZA O DEL PROVVEDIMENTO AMMINISTRATIVO DI DIVORZIO<\/strong><\/h4>\n<p style=\"text-align: justify;\">A seguito dello scioglimento del matrimonio, allo Sportello Consolare va presentata la seguente documentazione:<\/p>\n<p style=\"text-align: justify;\"><strong>DOCUMENTAZIONE DA PRESENTARE QUALORA LO SCIOGLIMENTO DEL VINCOLO MATRIMONIALE HA AVUTO LUOGO PER VIE GIUDIZIARIE:<\/strong><\/p>\n<ol style=\"text-align: justify;\">\n<li><strong>La Sentenza di divorzio, comprensiva della parte motiva, con l\u2019annotazione del passaggio in giudicato<\/strong>, <strong>autenticata mediante Apostille<\/strong> (il documento va richiesto alla Cancelleria del Giudice che ha pronunciato la sentenza, <a href=\"https:\/\/to78.minjust.gov.ru\/ru\/pages\/prostavlenie-apostilya-na-rossijskih-oficialnyh-dokumentah-podlezhashih-vyvozu-za-predely-territorii-rossijskoj-federacii\/\">l\u2019apposizione dell\u2019Apostille avviene presso il Glavnoe Upravlenie Ministerstva Jutizii po Sankt-Peterburgu<\/a>),<\/li>\n<li>Il modulo <a href=\"https:\/\/conssanpietroburgo.esteri.it\/wp-content\/uploads\/2024\/01\/Richiesta-di-trascrizione-della-Sentenza-di-divorzio-non-UE.doc\" target=\"_blank\" rel=\"noopener\"><strong>\u00abRichiesta di trascrizione della Sentenza di divorzio (non UE)\u00bb<\/strong><\/a>, compilato dal cittadino italiano che richiede il servizio,<\/li>\n<li>Il modulo <a href=\"https:\/\/conssanpietroburgo.esteri.it\/wp-content\/uploads\/2024\/02\/Dichiarazione-notorieta-divorzio-giudiziale.doc\"><strong>\u201cDichiarazione notoriet\u00e0 divorzio giudiziario\u201d<\/strong><\/a>, compilato dal cittadino italiano che richiede il servizio,<\/li>\n<li><strong>Fotocopia<\/strong> della pagina essenziale del <strong>passaporto italiano o della carta di identit\u00e0 nel corso di validit\u00e0.<\/strong><\/li>\n<\/ol>\n<p style=\"text-align: justify;\">Il Consolato Generale tradurr\u00e0 la sentenza di divorzio in lingua italiana e la trasmetter\u00e0, tramite PEC, al Comune agli atti del quale \u00e8 iscritto\/trascritto l\u2019atto di matrimonio ai fini della relativa annotazione nei Registri dello Stato Civile.<\/p>\n<p style=\"text-align: justify;\">Se l\u2019interessato \u00e8 impossibilitato a comparire allo Sportello Consolare, la documentazione di cui sopra pu\u00f2 essere presentata da un suo delegato, mentre la modulistica (di cui ai punti 2 e 3) va trasmessa, via posta elettronica, all\u2019indirizzo <a href=\"mailto:consolare.sanpietroburgo@esteri.it\">consolare.sanpietroburgo@esteri.it<\/a><\/p>\n<p style=\"text-align: justify;\">La ricezione del pubblico avviene i giorni feriali, previo appuntamento, all\u2019indirizzo: Teatralnaja pl., 10 (ingesso destro, Sportello n. 1). Per prenotare l\u2019appuntamento scrivere all\u2019indirizzo <a href=\"mailto:consolare.sanpietroburgo@esteri.it\">consolare.sanpietroburgo@esteri.it<\/a>, indicando il cognome e il nome del richiedente\/il cognome e il nome della persona delegata, nonch\u00e9 le date desiderate.<\/p>\n<p style=\"text-align: justify;\"><strong>DOCUMENTAZIONE DA PRESENTARE QUALORA LO SCIOGLIMENTO DEL VINCOLO MATRIMONIALE HA AVUTO LUOGO PER VIE AMMINISTRATIVE (SCIOGLIMENTO DEL VINCOLO DINANZI AD UN\u2019AUTORIT\u00c0 LOCALE DI STATO CIVILE, DETTA \u201cZAGS\u201d):<\/strong><\/p>\n<ol style=\"text-align: justify;\">\n<li><strong>Il Certificato di scioglimento del matrimonio (detto \u201cSvidetelstvo o rastorzhenii braka\u201d), autenticato mediante Apostille<\/strong> (il documento va richiesto alla competente Autorit\u00e0 di Stato Civile, <a href=\"https:\/\/gu.spb.ru\/187857\/\">l\u2019apposizione dell\u2019Apostille avviene presso il Komitet po delam ZAGS Pravitelstva Sankt-Peterburga<\/a>),<\/li>\n<li>Il modulo <a href=\"https:\/\/conssanpietroburgo.esteri.it\/wp-content\/uploads\/2024\/01\/richiesta-di-trascrizione-del-provvedimento-di-divorzio-amministrativo-non-UE.doc\"><strong>\u00abRichiesta di trascrizione del provvedimento amministrativo di divorzio\u00bb<\/strong><\/a>, compilato dal cittadino italiano che richiede il servizio,<\/li>\n<li>Il modulo <a href=\"https:\/\/conssanpietroburgo.esteri.it\/wp-content\/uploads\/2024\/01\/dichiarazione_di_notorieta_divorzio_amministrativo.doc\" target=\"_blank\" rel=\"noopener\"><strong>\u201cDichiarazione notoriet\u00e0 divorzio amministrativo\u201d<\/strong><\/a>, compilato dal cittadino italiano che richiede il servizio,<\/li>\n<li><strong>Fotocopia<\/strong> della pagina essenziale del <strong>passaporto italiano o della carta di identit\u00e0 nel corso di validit\u00e0.<\/strong><\/li>\n<\/ol>\n<p style=\"text-align: justify;\">Il Consolato Generale tradurr\u00e0 la certificazione di scioglimento del matrimonio in lingua italiana e la trasmetter\u00e0, tramite PEC, al Comune agli atti del quale \u00e8 iscritto\/trascritto l\u2019atto di matrimonio ai fini della relativa annotazione nei Registri dello Stato Civile.<\/p>\n<p style=\"text-align: justify;\">Se l\u2019interessato \u00e8 impossibilitato a comparire allo Sportello Consolare, la documentazione di cui sopra pu\u00f2 essere presentata da un suo delegato, mentre la modulistica (di cui ai punti 2 e 3) va trasmessa, via posta elettronica, all\u2019indirizzo <a href=\"mailto:consolare.sanpietroburgo@esteri.it\">consolare.sanpietroburgo@esteri.it<\/a><\/p>\n<p style=\"text-align: justify;\">La ricezione del pubblico avviene i giorni feriali, previo appuntamento, all\u2019indirizzo: Teatralnaja pl., 10 (ingesso destro, Sportello n. 1). Per prenotare l\u2019appuntamento scrivere all\u2019indirizzo <a href=\"mailto:consolare.sanpietroburgo@esteri.it\">consolare.sanpietroburgo@esteri.it<\/a>, indicando il cognome e il nome del richiedente\/il cognome e il nome della persona delegata, nonch\u00e9 le date desiderate.<\/p>\n<p style=\"text-align: justify;\">Data ultimo aggiornamento: 08\/01\/2026<\/p>\n","protected":false},"excerpt":{"rendered":"L\u2019Ufficio Consolare ha la competenza a ricevere gli atti emessi dalle Autorit\u00e0 russe e, conformemente alla richiesta del connazionale, inviarli al competente Comune italiano per la trascrizione. Il servizio di trascrizione \u00e8 gratuito e viene garantito sia ai cittadini residenti nella Circoscrizione sia ai cittadini non residenti, indipendentemente dalla durata del periodo di permanenza nel [&hellip;]","protected":false},"author":1,"featured_media":0,"parent":59,"menu_order":8,"comment_status":"closed","ping_status":"closed","template":"","meta":{"footnotes":""},"class_list":["post-86","page","type-page","status-publish","hentry"],"_links":{"self":[{"href":"https:\/\/conssanpietroburgo.esteri.it\/it\/wp-json\/wp\/v2\/pages\/86","targetHints":{"allow":["GET"]}}],"collection":[{"href":"https:\/\/conssanpietroburgo.esteri.it\/it\/wp-json\/wp\/v2\/pages"}],"about":[{"href":"https:\/\/conssanpietroburgo.esteri.it\/it\/wp-json\/wp\/v2\/types\/page"}],"author":[{"embeddable":true,"href":"https:\/\/conssanpietroburgo.esteri.it\/it\/wp-json\/wp\/v2\/users\/1"}],"replies":[{"embeddable":true,"href":"https:\/\/conssanpietroburgo.esteri.it\/it\/wp-json\/wp\/v2\/comments?post=86"}],"version-history":[{"count":6,"href":"https:\/\/conssanpietroburgo.esteri.it\/it\/wp-json\/wp\/v2\/pages\/86\/revisions"}],"predecessor-version":[{"id":3847,"href":"https:\/\/conssanpietroburgo.esteri.it\/it\/wp-json\/wp\/v2\/pages\/86\/revisions\/3847"}],"up":[{"embeddable":true,"href":"https:\/\/conssanpietroburgo.esteri.it\/it\/wp-json\/wp\/v2\/pages\/59"}],"wp:attachment":[{"href":"https:\/\/conssanpietroburgo.esteri.it\/it\/wp-json\/wp\/v2\/media?parent=86"}],"curies":[{"name":"wp","href":"https:\/\/api.w.org\/{rel}","templated":true}]}}