{"id":97,"date":"2023-04-03T19:31:10","date_gmt":"2023-04-03T17:31:10","guid":{"rendered":"https:\/\/consolatozurigo.esteri.it\/?page_id=97"},"modified":"2026-03-31T14:32:31","modified_gmt":"2026-03-31T11:32:31","slug":"traduzione-e-legalizzazione-dei-documenti","status":"publish","type":"page","link":"https:\/\/conssanpietroburgo.esteri.it\/it\/servizi-consolari-e-visti\/servizi-per-il-cittadino-straniero\/traduzione-e-legalizzazione-dei-documenti\/","title":{"rendered":"Autentica di traduzione"},"content":{"rendered":"<p style=\"text-align: justify;\">In caso dovesse certificare la conformit\u00e0 di traduzione degli atti russi presso il Consolato Generale d\u2019Italia a San Pietroburgo, per la traduzione<strong> Le suggeriamo di rivolgersi ad uno dei traduttori di riferimento, qui di sotto elencati<\/strong>.<\/p>\n<p style=\"text-align: justify;\">Il servizio di certificazione viene richiesto allo Sportello Consolare. <strong>Il costo dell\u2019autentica della traduzione \u00e8 di 1200 rubli (a foglio). Qualora la traduzione autenticata debba essere rilegata con una copia conforme e non con l\u2019originale del documento, il costo dell\u2019autentica ammonta a 1200 + 920 rubli (a foglio).<\/strong> Il pagamento avviene <strong>in contanti (rubli)<\/strong> direttamente allo Sportello.<\/p>\n<p style=\"text-align: justify;\">Si fa presente che sia la Repubblica Italiana che la Federazione Russa hanno ratificato la Convenzione dell\u2019Aja del 5 ottobre 1961, ai sensi della quale un documento emesso in uno dei paesi sottoscrittori da far valere in un altro viene convalidato con il timbro Apostille.<\/p>\n<p style=\"text-align: justify;\"><strong>La convalida con l\u2019Apostille \u00e8 prevista per:<\/strong><\/p>\n<ul style=\"text-align: justify;\">\n<li>Atti di stato civile (nascita, matrimonio, divorzio, riconoscimento paternit\u00e0, cambio appellativo, adozione, decesso) e altri certificati rilasciati dalle Autorit\u00e0 \u201cZAGS\u201d (tra cui <em>Forma 15, Forma 6<\/em>);<\/li>\n<li>Certificati penali;<\/li>\n<li>Atti notarili (procure, assensi ecc.);<\/li>\n<li>Atti giudiziari (sentenze ed ordinanze);<\/li>\n<li>Titoli di studio;<\/li>\n<li>Tutta l\u2019altra documentazione ufficiale emessa da enti statali e municipali ivi compresi:<\/li>\n<li>certificati dei redditi (<em>Forma 2-NDFL<\/em>) e risposte ufficiali fornite dal Servizio Federale Fiscale,<\/li>\n<li>estratti sui diritti immobiliari rilasciati dal <em>Rosreestr,<\/em><\/li>\n<li>certificati emessi dai centri multifunzionali dei servizi statali e municipali<em> (MFTS),<\/em><\/li>\n<li>certificati di pensione rilasciati dal Fondo Previdenziale della Russia,<\/li>\n<li>certificati di residenza (<em>adresnie spravki<\/em>) rilasciati dal Ministero dell\u2019Interno,<\/li>\n<li>certificati di residenza (<em>Forma 9<\/em>) rilasciati dalle agenzie municipali per la gestione dei palazzi residenziali,<\/li>\n<li>certificati di corresponsione delle borse di studio rilasciati dalle universit\u00e0.<\/li>\n<\/ul>\n<p style=\"text-align: justify;\"><strong>N.B. I documenti informatici firmati con firma elettronica vanno parimenti convalidati con il timbro Apostille.<\/strong> A tal fine \u00e8 necessario rivolgersi al notaio russo che produrr\u00e0 copia analogica (cartacea) certificandone la conformit\u00e0 all\u2019originale informatico e verificando la validit\u00e0 della firma elettronica. La firma del notaio viene a sua volta convalidata con il timbro Apostille presso il Ministero della Giustizia.<\/p>\n<p style=\"text-align: justify;\"><strong>Si fa presente che in tutti i casi sopraelencati il timbro Apostille viene apposto sull\u2019atto originale. L\u2019apposizione del timbro Apostille su copia conforme non \u00e8 equivalente alla convalida con Apostille dell\u2019atto originale.<\/strong><\/p>\n<p style=\"text-align: justify;\">Qui sotto trover\u00e0 i link utili ai siti istituzionali delle Autorit\u00e0 di San Pietroburgo, competenti per l\u2019apposizione dell\u2019Apostille:<\/p>\n<ul style=\"text-align: justify;\">\n<li><strong>Atti di stato civile<\/strong>: <a href=\"https:\/\/gu.spb.ru\/187857\/\">https:\/\/gu.spb.ru\/187857\/<\/a><\/li>\n<li><strong>Certificati penali<\/strong>: <a href=\"https:\/\/78.\u043c\u0432\u0434.\u0440\u0444\/\u0433\u043e\u0441\u0443\u0441\u043b\u0443\u0433\u0438\/\u0433\u0438\u0430\u0446\/\u043f\u0440\u043e\u0441\u0442\u0430\u0432\u043b\u0435\u043d\u0438\u0435-\u0430\u043f\u043e\u0441\u0442\u0438\u043b\u044f\">https:\/\/78.\u043c\u0432\u0434.\u0440\u0444\/\u0433\u043e\u0441\u0443\u0441\u043b\u0443\u0433\u0438\/\u0433\u0438\u0430\u0446\/\u043f\u0440\u043e\u0441\u0442\u0430\u0432\u043b\u0435\u043d\u0438\u0435-\u0430\u043f\u043e\u0441\u0442\u0438\u043b\u044f<\/a><\/li>\n<li><strong>Atti notarili e giudiziari<\/strong> (procure, assensi, sentenze ed ordinanze): <a href=\"https:\/\/to78.minjust.gov.ru\/ru\/pages\/prostavlenie-apostilya-na-rossijskih-oficialnyh-dokumentah-podlezhashih-vyvozu-za-predely-territorii-rossijskoj-federacii\/\">https:\/\/to78.minjust.gov.ru\/ru\/pages\/prostavlenie-apostilya-na-rossijskih-oficialnyh-dokumentah-podlezhashih-vyvozu-za-predely-territorii-rossijskoj-federacii\/<\/a><\/li>\n<li><strong>Titoli di studio<\/strong>: <a href=\"https:\/\/gu.spb.ru\/227179\/\">https:\/\/gu.spb.ru\/227179\/<\/a><\/li>\n<li><strong>Tutti gli altri documenti ufficiali emessi da enti statali e municipali:<\/strong> <a href=\"https:\/\/to78.minjust.gov.ru\/ru\/pages\/prostavlenie-apostilya-na-rossijskih-oficialnyh-dokumentah-podlezhashih-vyvozu-za-predely-territorii-rossijskoj-federacii\/\">https:\/\/to78.minjust.gov.ru\/ru\/pages\/prostavlenie-apostilya-na-rossijskih-oficialnyh-dokumentah-podlezhashih-vyvozu-za-predely-territorii-rossijskoj-federacii\/<\/a><\/li>\n<\/ul>\n<p style=\"text-align: center;\"><strong>TRADUTTORI DI RIFERIMENTO <\/strong><\/p>\n<p style=\"text-align: justify;\">I nominativi riportati \u2013 in ordine alfabetico \u2013 vengono forniti a titolo informativo e non esaustivo. Il Consolato Generale non sottopone a verifica la loro attivit\u00e0, n\u00e9 risponde per il loro operato. Ogni eventuale\u00a0 rapporto dell\u2019utenza con i sottoelencati professionisti avviene su base del tutto diretta e privatistica.<\/p>\n<p style=\"text-align: center;\"><span style=\"color: #800000;\"><strong>ANDRIIASH Elena\/ <\/strong>\u0410\u041d\u0414\u0420\u0418\u042f\u0428 \u0415\u043b\u0435\u043d\u0430<\/span><\/p>\n<p style=\"text-align: center;\">+7(911) 255-99-81, <a href=\"mailto:andrijash@mail.ru\">andrijash@mail.ru<\/a><\/p>\n<p style=\"text-align: center;\"><span style=\"color: #800000;\"><strong>AVRAMOV Fedor<\/strong><strong>\/<\/strong> \u0410\u0412\u0420\u0410\u041c\u041e\u0412 \u0424\u0435\u0434\u043e\u0440<\/span><\/p>\n<p style=\"text-align: center;\">+7(921) 906-93-73, <a href=\"mailto:fedya_russia@mail.ru\">fedya_russia@mail.ru<\/a><\/p>\n<p style=\"text-align: center;\"><span style=\"color: #800000;\"><strong>BELIAEVA Olga \/ <\/strong>\u0411\u0415\u041b\u042f\u0415\u0412\u0410 \u041e\u043b\u044c\u0433\u0430<\/span><\/p>\n<p style=\"text-align: center;\">+7(911) 957-13-01, <a href=\"mailto:9119571301@mail.ru\">9119571301@mail.ru<\/a><\/p>\n<p style=\"text-align: center;\"><span style=\"color: #800000;\"><strong>CHEBOTAREVA Anna\/ <\/strong>\u0427\u0415\u0411\u041e\u0422\u0410\u0420\u0415\u0412\u0410 \u0410\u043d\u043d\u0430<\/span><\/p>\n<p style=\"text-align: center;\">+ 7(911) 214-65-73, <a href=\"mailto:fasatek@mail.ru\">fasatek@mail.ru<\/a><\/p>\n<p style=\"text-align: center;\"><span style=\"color: #800000;\"><strong>KASTALSKAIA<\/strong><strong> Natalia<\/strong><strong>\/ <\/strong>\u041a\u0410\u0421\u0422\u0410\u041b\u042c\u0421\u041a\u0410\u042f \u041d\u0430\u0442\u0430\u043b\u044c\u044f<\/span><\/p>\n<p style=\"text-align: center;\">+7(953)153-07-28, +7(911)7674868,\u00a0 <a href=\"mailto:natalia.kastalskaya@gmail.com\">natalia.kastalskaya@gmail.com<\/a><\/p>\n<p style=\"text-align: center;\"><span style=\"color: #800000;\"><strong>KOCHUBEEVA<\/strong><strong> Larisa<\/strong><strong>\/ <\/strong>\u041a\u041e\u0427\u0423\u0411\u0415\u0415\u0412\u0410 \u041b\u0430\u0440\u0438\u0441\u0430<\/span><\/p>\n<p style=\"text-align: center;\">+7(921)330-87-43, <a href=\"mailto:vivalorik@mail.ru\">vivalorik@mail.ru<\/a><\/p>\n<p style=\"text-align: center;\"><span style=\"color: #800000;\"><strong>LOMBARDO Luca Paolo<\/strong><strong>\/<\/strong> \u041b\u041e\u041c\u0411\u0410\u0420\u0414\u041e \u041b\u0443\u043a\u0430 \u041f\u0430\u043e\u043b\u043e<\/span><\/p>\n<p style=\"text-align: center;\">+7(999) 027-77-18, <a href=\"mailto:lp.lombardo73@gmail.com\">lp.lombardo73@gmail.com<\/a><\/p>\n<p style=\"text-align: center;\"><span style=\"color: #800000;\"><strong>LYATSKAYA<\/strong><strong> Yulia<\/strong><strong>\/ <\/strong>\u041b\u042f\u0426\u041a\u0410\u042f \u042e\u043b\u0438\u044f<\/span><\/p>\n<p style=\"text-align: center;\">+7(921)934-05-95, <a href=\"mailto:julia.lyatskaya@gmail.com\">julia.lyatskaya@gmail.com<\/a><\/p>\n<p style=\"text-align: center;\"><span style=\"color: #800000;\"><strong>NOVGORODTSEVA<\/strong><strong> Lyubov<\/strong><strong>\/ <\/strong>\u041d\u041e\u0412\u0413\u041e\u0420\u041e\u0414\u0426\u0415\u0412\u0410 \u041b\u044e\u0431\u043e\u0432\u044c<\/span><\/p>\n<p style=\"text-align: center;\">+7(911) 001-37-21, <a href=\"mailto:ita-ru-perevod@yandex.ru\">ita-ru-perevod@yandex.ru<\/a><\/p>\n<p style=\"text-align: center;\"><span style=\"color: #800000;\"><strong>PLOTKINA<\/strong><strong> Elizaveta<\/strong><strong>\/ <\/strong>\u041f\u041b\u041e\u0422\u041a\u0418\u041d\u0410 \u0415\u043b\u0438\u0437\u0430\u0432\u0435\u0442\u0430<\/span><\/p>\n<p style=\"text-align: center;\">+7(921)931-17-50, <a href=\"mailto:plotkina@list.ru\">plotkina@list.ru<\/a><\/p>\n<p style=\"text-align: center;\"><span style=\"color: #800000;\"><strong>PROKOPENKO<\/strong><strong> Dmitrii<\/strong><strong>\/ <\/strong>\u041f\u0420\u041e\u041a\u041e\u041f\u0415\u041d\u041a\u041e \u0414\u043c\u0438\u0442\u0440\u0438\u0439<\/span><\/p>\n<p style=\"text-align: center;\">+7(911) 995-58-77, <a href=\"mailto:prokopenko@gmail.com\">prokopenko@gmail.com<\/a><\/p>\n<p style=\"text-align: center;\"><span style=\"color: #800000;\"><strong>ZHUKOVA<\/strong><strong> Marina<\/strong><strong>\/ <\/strong>\u0416\u0423\u041a\u041e\u0412\u0410 \u041c\u0430\u0440\u0438\u043d\u0430<\/span><\/p>\n<p style=\"text-align: center;\">+7(921)920-16-12, <a href=\"mailto:marinazhu.spb@gmail.com\">marinazhu.spb@gmail.com<\/a><\/p>\n<p style=\"text-align: justify;\">I documenti tradotti vanno presentati allo Sportello Consolare secondo la seguente modalit\u00e0: <u>originale del documento russo + traduzione in italiano, firmata da uno dei traduttori di riferimento<\/u>.<\/p>\n<p style=\"text-align: justify;\">Qualora sia impossibilitato\/a a presentarsi allo Sportello Consolare, pu\u00f2 <strong>agire per il tramite di una persona delegata<\/strong>. Per i cittadini dell\u2019Unione Europea o persone legalmente soggiornanti nel territorio dell\u2019UE \u00e8 ammessa la presentazione di una delega in forma semplice (non notarile), accompagnata da fotocopia di un titolo di identit\u00e0 del delegante, nonch\u00e9 da fotocopia del permesso di soggiorno in caso il richiedente sia cittadino straniero. Qualora il richiedente sia cittadino extra-UE e non regolarmente soggiornante in UE il delegato deve essere, invece, munito di delega notarile accompagnata da fotocopia di un titolo di identit\u00e0 del richiedente.<\/p>\n<p style=\"text-align: justify;\">La ricezione del pubblico avviene i giorni feriali, previo appuntamento prenotato <strong>tramite <a href=\"https:\/\/prenotami.esteri.it\/\">il Portale <em>Prenot@Mi<\/em><\/a><\/strong>, all\u2019indirizzo: Teatralnaja pl., 10 (ingesso destro, Sportello n. 1).<\/p>\n<p style=\"text-align: justify;\">Per procedere con la prenotazione La invitiamo a creare un account o utilizzare l\u2019account gi\u00e0 creato, selezionando come Sede \u201cFederazione Russa \u2013 Consolato Generale d\u2019Italia a San Pietroburgo\u201d.<\/p>\n<p style=\"text-align: justify;\">I dati inseriti per la creazione dell\u2019account <em>Prenot@Mi<\/em> devono <strong>corrispondere esattamente con i dati anagrafici del richiedente<\/strong>.<\/p>\n<p style=\"text-align: justify;\"><strong>In caso di presentazione della pratica da parte di un delegato, la prenotazione deve essere richiesta comunque dal diretto interessato con inserimento nel campo \u201cNote per la sede\u201d del nome e del cognome della persona delegata.<\/strong><\/p>\n<p style=\"text-align: justify;\"><strong>N.B.<\/strong> Si raccomanda di non prenotare l\u2019appuntamento se la documentazione necessaria per la procedura non \u00e8 completa, al fine di non occupare inutilmente gli slot a disposizione.<\/p>\n<p style=\"text-align: justify;\"><strong>AVVISO IMPORTANTE<\/strong><\/p>\n<p style=\"text-align: justify;\">Il Consolato Generale d\u2019Italia a San Pietroburgo ricorda che il sistema di prenotazione <em>Prenot@Mi<\/em> \u00e8 INTERAMENTE GRATUITO. Non \u00e8 previsto alcun tipo di pagamento per ottenere un appuntamento presso gli Uffici consolari. Invitiamo tutti a diffidare di chiunque millanti di poter far avere appuntamenti in tempi pi\u00f9 brevi a fronte della corresponsione di una somma di denaro e raccomandiamo di non pagare alcun servizio di questo tipo.<\/p>\n<p style=\"text-align: justify;\">Data ultimo aggiornamento: 31\/03\/2026<\/p>\n","protected":false},"excerpt":{"rendered":"In caso dovesse certificare la conformit\u00e0 di traduzione degli atti russi presso il Consolato Generale d\u2019Italia a San Pietroburgo, per la traduzione Le suggeriamo di rivolgersi ad uno dei traduttori di riferimento, qui di sotto elencati. Il servizio di certificazione viene richiesto allo Sportello Consolare. Il costo dell\u2019autentica della traduzione \u00e8 di 1200 rubli (a [&hellip;]","protected":false},"author":1,"featured_media":0,"parent":62,"menu_order":6,"comment_status":"closed","ping_status":"closed","template":"","meta":{"footnotes":""},"class_list":["post-97","page","type-page","status-publish","hentry"],"_links":{"self":[{"href":"https:\/\/conssanpietroburgo.esteri.it\/it\/wp-json\/wp\/v2\/pages\/97","targetHints":{"allow":["GET"]}}],"collection":[{"href":"https:\/\/conssanpietroburgo.esteri.it\/it\/wp-json\/wp\/v2\/pages"}],"about":[{"href":"https:\/\/conssanpietroburgo.esteri.it\/it\/wp-json\/wp\/v2\/types\/page"}],"author":[{"embeddable":true,"href":"https:\/\/conssanpietroburgo.esteri.it\/it\/wp-json\/wp\/v2\/users\/1"}],"replies":[{"embeddable":true,"href":"https:\/\/conssanpietroburgo.esteri.it\/it\/wp-json\/wp\/v2\/comments?post=97"}],"version-history":[{"count":6,"href":"https:\/\/conssanpietroburgo.esteri.it\/it\/wp-json\/wp\/v2\/pages\/97\/revisions"}],"predecessor-version":[{"id":3997,"href":"https:\/\/conssanpietroburgo.esteri.it\/it\/wp-json\/wp\/v2\/pages\/97\/revisions\/3997"}],"up":[{"embeddable":true,"href":"https:\/\/conssanpietroburgo.esteri.it\/it\/wp-json\/wp\/v2\/pages\/62"}],"wp:attachment":[{"href":"https:\/\/conssanpietroburgo.esteri.it\/it\/wp-json\/wp\/v2\/media?parent=97"}],"curies":[{"name":"wp","href":"https:\/\/api.w.org\/{rel}","templated":true}]}}